{"id":513,"date":"2021-12-24T12:15:51","date_gmt":"2021-12-24T11:15:51","guid":{"rendered":"http:\/\/www.civmilano.com\/?page_id=513"},"modified":"2022-09-08T11:11:37","modified_gmt":"2022-09-08T09:11:37","slug":"valori","status":"publish","type":"page","link":"https:\/\/www.civmilano.com\/it\/valori\/","title":{"rendered":"Valori"},"content":{"rendered":"\t\t<div data-elementor-type=\"wp-page\" data-elementor-id=\"513\" class=\"elementor elementor-513\" data-elementor-post-type=\"page\">\n\t\t\t\t\t\t\t\t\t<section class=\"elementor-section elementor-top-section elementor-element elementor-element-f30c49a elementor-section-full_width elementor-section-height-default elementor-section-height-default\" data-id=\"f30c49a\" data-element_type=\"section\" data-settings=\"{&quot;background_background&quot;:&quot;classic&quot;}\">\n\t\t\t\t\t\t<div class=\"elementor-container elementor-column-gap-default\">\n\t\t\t\t\t<div class=\"elementor-column elementor-col-100 elementor-top-column elementor-element elementor-element-1e7e744\" data-id=\"1e7e744\" data-element_type=\"column\" data-settings=\"{&quot;background_background&quot;:&quot;classic&quot;}\">\n\t\t\t<div class=\"elementor-widget-wrap elementor-element-populated\">\n\t\t\t\t\t<div class=\"elementor-background-overlay\"><\/div>\n\t\t\t\t\t\t\t\t<div class=\"elementor-element elementor-element-44bb91b elementor-widget elementor-widget-heading\" data-id=\"44bb91b\" data-element_type=\"widget\" data-widget_type=\"heading.default\">\n\t\t\t\t<div class=\"elementor-widget-container\">\n\t\t\t<style>\/*! elementor - v3.16.0 - 20-09-2023 *\/\n.elementor-heading-title{padding:0;margin:0;line-height:1}.elementor-widget-heading .elementor-heading-title[class*=elementor-size-]>a{color:inherit;font-size:inherit;line-height:inherit}.elementor-widget-heading .elementor-heading-title.elementor-size-small{font-size:15px}.elementor-widget-heading .elementor-heading-title.elementor-size-medium{font-size:19px}.elementor-widget-heading .elementor-heading-title.elementor-size-large{font-size:29px}.elementor-widget-heading .elementor-heading-title.elementor-size-xl{font-size:39px}.elementor-widget-heading .elementor-heading-title.elementor-size-xxl{font-size:59px}<\/style><h1 class=\"elementor-heading-title elementor-size-default\">Valori<\/h1>\t\t<\/div>\n\t\t\t\t<\/div>\n\t\t\t\t\t<\/div>\n\t\t<\/div>\n\t\t\t\t\t\t\t<\/div>\n\t\t<\/section>\n\t\t\t\t<section class=\"elementor-section elementor-top-section elementor-element elementor-element-c5b61b9 elementor-section-content-middle elementor-section-boxed elementor-section-height-default elementor-section-height-default\" data-id=\"c5b61b9\" data-element_type=\"section\" id=\"tabvalori\" data-settings=\"{&quot;background_background&quot;:&quot;classic&quot;}\">\n\t\t\t\t\t\t<div class=\"elementor-container elementor-column-gap-no\">\n\t\t\t\t\t<div class=\"elementor-column elementor-col-100 elementor-top-column elementor-element elementor-element-f77f162\" data-id=\"f77f162\" data-element_type=\"column\">\n\t\t\t<div class=\"elementor-widget-wrap\">\n\t\t\t\t\t\t\t\t\t<\/div>\n\t\t<\/div>\n\t\t\t\t\t\t\t<\/div>\n\t\t<\/section>\n\t\t\t\t<section class=\"elementor-section elementor-top-section elementor-element elementor-element-f5696fd elementor-section-content-middle elementor-section-boxed elementor-section-height-default elementor-section-height-default\" data-id=\"f5696fd\" data-element_type=\"section\" data-settings=\"{&quot;background_background&quot;:&quot;classic&quot;}\">\n\t\t\t\t\t\t<div class=\"elementor-container elementor-column-gap-no\">\n\t\t\t\t\t<div class=\"elementor-column elementor-col-100 elementor-top-column elementor-element elementor-element-d37cf24\" data-id=\"d37cf24\" data-element_type=\"column\">\n\t\t\t<div class=\"elementor-widget-wrap elementor-element-populated\">\n\t\t\t\t\t\t\t\t<div class=\"elementor-element elementor-element-b4029f9 elementor-widget elementor-widget-image\" data-id=\"b4029f9\" data-element_type=\"widget\" data-widget_type=\"image.default\">\n\t\t\t\t<div class=\"elementor-widget-container\">\n\t\t\t<style>\/*! elementor - v3.16.0 - 20-09-2023 *\/\n.elementor-widget-image{text-align:center}.elementor-widget-image a{display:inline-block}.elementor-widget-image a img[src$=\".svg\"]{width:48px}.elementor-widget-image img{vertical-align:middle;display:inline-block}<\/style>\t\t\t\t\t\t\t\t\t\t\t\t<img loading=\"lazy\" decoding=\"async\" width=\"2500\" height=\"865\" src=\"https:\/\/www.civmilano.com\/wp-content\/uploads\/2022\/01\/cartone-di-raffaello-min.jpg\" class=\"attachment-full size-full wp-image-1026\" alt=\"cartone di raffaello\" srcset=\"https:\/\/www.civmilano.com\/wp-content\/uploads\/2022\/01\/cartone-di-raffaello-min.jpg 2500w, https:\/\/www.civmilano.com\/wp-content\/uploads\/2022\/01\/cartone-di-raffaello-min-300x104.jpg 300w, https:\/\/www.civmilano.com\/wp-content\/uploads\/2022\/01\/cartone-di-raffaello-min-1024x354.jpg 1024w, https:\/\/www.civmilano.com\/wp-content\/uploads\/2022\/01\/cartone-di-raffaello-min-768x266.jpg 768w, https:\/\/www.civmilano.com\/wp-content\/uploads\/2022\/01\/cartone-di-raffaello-min-1536x531.jpg 1536w, https:\/\/www.civmilano.com\/wp-content\/uploads\/2022\/01\/cartone-di-raffaello-min-2048x709.jpg 2048w\" sizes=\"auto, (max-width: 2500px) 100vw, 2500px\" \/>\t\t\t\t\t\t\t\t\t\t\t\t\t\t\t<\/div>\n\t\t\t\t<\/div>\n\t\t\t\t<div class=\"elementor-element elementor-element-79f6efd elementor-widget elementor-widget-eael-adv-tabs\" data-id=\"79f6efd\" data-element_type=\"widget\" data-widget_type=\"eael-adv-tabs.default\">\n\t\t\t\t<div class=\"elementor-widget-container\">\n\t\t\t        <div id=\"eael-advance-tabs-79f6efd\" class=\"eael-advance-tabs eael-tabs-horizontal eael-tab-auto-active  active-caret-on\" data-tabid=\"79f6efd\">\n            <div class=\"eael-tabs-nav\">\n                <ul class=\"eael-tab-inline-icon\" role=\"tablist\">\n                                            <li id=\"ricercare\" class=\" eael-tab-item-trigger\" aria-selected=\"true\" data-tab=\"1\" role=\"tab\" tabindex=\"0\" aria-controls=\"ricercare-tab\" aria-expanded=\"false\">\n                            \n                                                        \n                                                            <span class=\"eael-tab-title  title-after-icon\">RICERCARE<\/span>                            \n                                                    <\/li>\n                                            <li id=\"pensare\" class=\" eael-tab-item-trigger\" aria-selected=\"false\" data-tab=\"2\" role=\"tab\" tabindex=\"-1\" aria-controls=\"pensare-tab\" aria-expanded=\"false\">\n                            \n                                                        \n                                                            <span class=\"eael-tab-title  title-after-icon\">PENSARE<\/span>                            \n                                                    <\/li>\n                                            <li id=\"formare\" class=\" eael-tab-item-trigger\" aria-selected=\"false\" data-tab=\"3\" role=\"tab\" tabindex=\"-1\" aria-controls=\"formare-tab\" aria-expanded=\"false\">\n                            \n                                                        \n                                                            <span class=\"eael-tab-title  title-after-icon\">FORMARE<\/span>                            \n                                                    <\/li>\n                                            <li id=\"ricreare\" class=\" eael-tab-item-trigger\" aria-selected=\"false\" data-tab=\"4\" role=\"tab\" tabindex=\"-1\" aria-controls=\"ricreare-tab\" aria-expanded=\"false\">\n                            \n                                                        \n                                                            <span class=\"eael-tab-title  title-after-icon\">RICREARE<\/span>                            \n                                                    <\/li>\n                                    <\/ul>\n            <\/div>\n            \n            <div class=\"eael-tabs-content\">\n\t\t        \n                    <div id=\"ricercare-tab\" class=\"clearfix eael-tab-content-item \" data-title-link=\"ricercare-tab\">\n\t\t\t\t        \t\t\t\t\t        <h2><img loading=\"lazy\" decoding=\"async\" class=\"alignleft wp-image-1004\" src=\"https:\/\/www.civmilano.com\/wp-content\/uploads\/2022\/01\/Pieno_1.png\" alt=\"\" width=\"500\" height=\"481\" srcset=\"https:\/\/www.civmilano.com\/wp-content\/uploads\/2022\/01\/Pieno_1.png 1650w, https:\/\/www.civmilano.com\/wp-content\/uploads\/2022\/01\/Pieno_1-300x289.png 300w, https:\/\/www.civmilano.com\/wp-content\/uploads\/2022\/01\/Pieno_1-1024x986.png 1024w, https:\/\/www.civmilano.com\/wp-content\/uploads\/2022\/01\/Pieno_1-768x739.png 768w, https:\/\/www.civmilano.com\/wp-content\/uploads\/2022\/01\/Pieno_1-1536x1478.png 1536w\" sizes=\"auto, (max-width: 500px) 100vw, 500px\" \/>RICERCARE<\/h2><p>La conoscenza \u00e8 il fondamento alla base di una grande intuizione.<\/p><p>Portiamo conoscenza al vostro business partendo da un accesso senza pari a banche private, family office, gestori di investimenti privati e leader di pensiero globali nel mercato dei patrimoni.<\/p><p><strong>Ricerca<\/strong> Prodotti, clienti, consulenti, mappatura del mercato, aziende\/intermediari, audit della Brand Identity.<\/p>\t\t\t\t                            <\/div>\n\t\t        \n                    <div id=\"pensare-tab\" class=\"clearfix eael-tab-content-item \" data-title-link=\"pensare-tab\">\n\t\t\t\t        \t\t\t\t\t        <h2><img loading=\"lazy\" decoding=\"async\" class=\"alignleft wp-image-1005\" src=\"https:\/\/www.civmilano.com\/wp-content\/uploads\/2022\/01\/Pieno_2.png\" alt=\"\" width=\"500\" height=\"507\" srcset=\"https:\/\/www.civmilano.com\/wp-content\/uploads\/2022\/01\/Pieno_2.png 1611w, https:\/\/www.civmilano.com\/wp-content\/uploads\/2022\/01\/Pieno_2-296x300.png 296w, https:\/\/www.civmilano.com\/wp-content\/uploads\/2022\/01\/Pieno_2-1010x1024.png 1010w, https:\/\/www.civmilano.com\/wp-content\/uploads\/2022\/01\/Pieno_2-768x778.png 768w, https:\/\/www.civmilano.com\/wp-content\/uploads\/2022\/01\/Pieno_2-1515x1536.png 1515w\" sizes=\"auto, (max-width: 500px) 100vw, 500px\" \/>PENSARE<\/h2><p>Trasformare grandi intuizioni in idee di valore.<br \/>Le future generazioni di HNWI, ovvero \u201cIndividui ad Alto Patrimonio Netto\u201d, sono alla ricerca di grandi idee. Sono circondate da brands creativi e da un pensiero innovativo e chiedono sempre pi\u00f9 spesso lo stesso ai loro fornitori del servizio di gestione patrimoniale.<br \/>Trasformiamo le intuizioni che abbiamo raccolto, in ipotesi strategiche e idee per lo sviluppo di prodotti e servizi. Ci consultiamo con il senior management e orchestriamo il pensiero strategico. Testiamo i concetti e creiamo piani strategici end-to-end che catturano l'immaginazione delle parti interessate e l'approvazione del consiglio d\u2019ammnistrazione.<\/p><p><strong>Pensa<\/strong> Prodotti, sviluppo di prodotti\/servizi, sviluppo di Business Case, soluzioni concettuali, due diligence strategica per attivit\u00e0 di M&amp;A, sviluppo di Brand Identity.<\/p>\t\t\t\t                            <\/div>\n\t\t        \n                    <div id=\"formare-tab\" class=\"clearfix eael-tab-content-item \" data-title-link=\"formare-tab\">\n\t\t\t\t        \t\t\t\t\t        <h2><img loading=\"lazy\" decoding=\"async\" class=\"alignleft wp-image-1006\" src=\"https:\/\/www.civmilano.com\/wp-content\/uploads\/2022\/01\/Pieno_3.png\" alt=\"\" width=\"500\" height=\"516\" srcset=\"https:\/\/www.civmilano.com\/wp-content\/uploads\/2022\/01\/Pieno_3.png 1611w, https:\/\/www.civmilano.com\/wp-content\/uploads\/2022\/01\/Pieno_3-291x300.png 291w, https:\/\/www.civmilano.com\/wp-content\/uploads\/2022\/01\/Pieno_3-992x1024.png 992w, https:\/\/www.civmilano.com\/wp-content\/uploads\/2022\/01\/Pieno_3-768x793.png 768w, https:\/\/www.civmilano.com\/wp-content\/uploads\/2022\/01\/Pieno_3-1488x1536.png 1488w\" sizes=\"auto, (max-width: 500px) 100vw, 500px\" \/>FORMARE<\/h2><p>Preparare idee di valore per l'ingresso nel mercato.<br \/>Le grandi idee non si realizzano per caso; richiedono una pianificazione e una preparazione dettagliata per andare sul mercato con il successo che meritano.<\/p><p>Ognuna di queste discipline \u00e8 pensata per offrire uno strumento operativo ai leader per allocare le strategie, pianificare e governare la crescita.<\/p><p>Ci siamo specializzati nel portare i clienti high-net-worth (HNW) e gli ultra high-net-worth (UHNW) ad avere una visione per attivare scelte<\/p>\t\t\t\t                            <\/div>\n\t\t        \n                    <div id=\"ricreare-tab\" class=\"clearfix eael-tab-content-item \" data-title-link=\"ricreare-tab\">\n\t\t\t\t        \t\t\t\t\t        <h2><img loading=\"lazy\" decoding=\"async\" class=\"alignleft wp-image-1007\" src=\"https:\/\/www.civmilano.com\/wp-content\/uploads\/2022\/01\/Pieno_4.png\" alt=\"\" width=\"500\" height=\"521\" srcset=\"https:\/\/www.civmilano.com\/wp-content\/uploads\/2022\/01\/Pieno_4.png 1605w, https:\/\/www.civmilano.com\/wp-content\/uploads\/2022\/01\/Pieno_4-288x300.png 288w, https:\/\/www.civmilano.com\/wp-content\/uploads\/2022\/01\/Pieno_4-982x1024.png 982w, https:\/\/www.civmilano.com\/wp-content\/uploads\/2022\/01\/Pieno_4-768x801.png 768w, https:\/\/www.civmilano.com\/wp-content\/uploads\/2022\/01\/Pieno_4-1474x1536.png 1474w\" sizes=\"auto, (max-width: 500px) 100vw, 500px\" \/>RICREARE<\/h2><p>Dare a chi possiede patrimoni importanti i prodotti e i servizi che vogliono Grandi intuizioni, idee innovative e i migliori piani non hanno alcun valore finch\u00e9 non vengono implementati.<\/p><p>Noi forniamo la guida necessaria al processo pratico di realizzazione delle attivit\u00e0. Lavoriamo al fianco dei principali decisori della vostra organizzazione collaborando con la nostra rete di agenzie partner specializzate, in modo di mettere i piani in azione.<\/p><p><strong>Ricreare<\/strong> Prodotti, Change Management, Marketing strategico, Implementazione M&amp;A, Consulenza specializzata<\/p>\t\t\t\t                            <\/div>\n\t\t                    <\/div>\n        <\/div>\n\t\t<\/div>\n\t\t\t\t<\/div>\n\t\t\t\t<div class=\"elementor-element elementor-element-254d59a elementor-widget elementor-widget-heading\" data-id=\"254d59a\" data-element_type=\"widget\" data-widget_type=\"heading.default\">\n\t\t\t\t<div class=\"elementor-widget-container\">\n\t\t\t<h2 class=\"elementor-heading-title elementor-size-default\">Il Cartone di Raffaello<\/h2>\t\t<\/div>\n\t\t\t\t<\/div>\n\t\t\t\t<div class=\"elementor-element elementor-element-f3068ce elementor-widget elementor-widget-text-editor\" data-id=\"f3068ce\" data-element_type=\"widget\" data-widget_type=\"text-editor.default\">\n\t\t\t\t<div class=\"elementor-widget-container\">\n\t\t\t<style>\/*! elementor - v3.16.0 - 20-09-2023 *\/\n.elementor-widget-text-editor.elementor-drop-cap-view-stacked .elementor-drop-cap{background-color:#69727d;color:#fff}.elementor-widget-text-editor.elementor-drop-cap-view-framed .elementor-drop-cap{color:#69727d;border:3px solid;background-color:transparent}.elementor-widget-text-editor:not(.elementor-drop-cap-view-default) .elementor-drop-cap{margin-top:8px}.elementor-widget-text-editor:not(.elementor-drop-cap-view-default) .elementor-drop-cap-letter{width:1em;height:1em}.elementor-widget-text-editor .elementor-drop-cap{float:left;text-align:center;line-height:1;font-size:50px}.elementor-widget-text-editor .elementor-drop-cap-letter{display:inline-block}<\/style>\t\t\t\t<p><strong>Raffaello<\/strong>&nbsp;Sanzio,&nbsp;Pittore e architetto (Urbino&nbsp;1483 &#8211;&nbsp;Roma&nbsp;1520), \u00e8 uno dei pi\u00f9 influenti Maestri della storia dell\u2019arte. Il suo mito arriv\u00f2 a raggiungere le pi\u00f9 importanti avanguardie del&nbsp;XX secolo.<\/p>\n<p>La&nbsp;Scuola di Atene (1509-1511)&nbsp;\u00e8 un&nbsp;affresco&nbsp;di&nbsp;Raffaello ed \u00e8 una delle opere pittoriche pi\u00f9 importanti dei Musei Vaticani. L\u2019affresco parla del tema della ricerca razionale e offre una rappresentazione delle sette arti liberali: la grammatica, l&#8217;aritmetica, la musica, la geometria, l&#8217;astronomia, la retorica e la dialettica.&nbsp;Nell&#8217;affresco i pi\u00f9 celebri filosofi e matematici dell&#8217;antichit\u00e0.<\/p>\n<p>La Pinacoteca Ambrosiana di Milano conserva&nbsp;uno dei pi\u00f9 prestigiosi cartoni del Rinascimento, quello della&nbsp;Scuola di Atene. \u00c8 il&nbsp;disegno preparatorio, a grandezza naturale, della&nbsp;porzione principale&nbsp;del grande affresco che illustra la parete della Stanza della Segnatura affrescata da Raffaello tra 1509 e 1511 nei&nbsp;Palazzi Vaticani&nbsp;per volere di Papa Giulio II Della Rovere.<\/p>\n<p>La carta \u00e8 da sempre considerata nell\u2019arte come genesi dell\u2019idea dell\u2019artista: il guizzo della genialit\u00e0, l\u2019idea primordiale e non inquinata da altre tecniche; il parto creativo e il tratto inconfondibile.<\/p>\n<p>Il termine \u2018cartone\u2019 indica un&nbsp;disegno&nbsp;tracciato su un supporto cartaceo, in genere in bianco e nero, di dimensioni variabili ma sempre in&nbsp;scala 1:1&nbsp;rispetto all\u2019opera finale. Non si tratta quindi di uno schizzo o di un semplice disegno, ma di un vero e proprio&nbsp;strumento di lavoro da cui sviluppare un dipinto.<\/p>\n<p>L\u2019esperienza di CIV prende spunto dall\u2019esperienza dell\u2019artista che realizza il cartone preparatorio. Il processo lavorativo, lungo, dettagliato ed impegnativo, che porta alla realizzazione di un\u2019opera, \u00e8 per noi importante quanto l\u2019opera stessa.<\/p>\t\t\t\t\t\t<\/div>\n\t\t\t\t<\/div>\n\t\t\t\t\t<\/div>\n\t\t<\/div>\n\t\t\t\t\t\t\t<\/div>\n\t\t<\/section>\n\t\t\t\t\t\t\t<\/div>\n\t\t","protected":false},"excerpt":{"rendered":"<p>Valori RICERCARE PENSARE FORMARE RICREARE RICERCARE La conoscenza \u00e8 il fondamento alla base di una grande intuizione. Portiamo conoscenza al vostro business partendo da un accesso senza pari a banche private, family office, gestori di investimenti privati e leader di pensiero globali nel mercato dei patrimoni. Ricerca Prodotti, clienti, consulenti, mappatura del mercato, aziende\/intermediari, audit [&hellip;]<\/p>\n","protected":false},"author":1,"featured_media":0,"parent":0,"menu_order":0,"comment_status":"closed","ping_status":"closed","template":"","meta":{"footnotes":""},"class_list":["post-513","page","type-page","status-publish","hentry"],"_links":{"self":[{"href":"https:\/\/www.civmilano.com\/it\/wp-json\/wp\/v2\/pages\/513","targetHints":{"allow":["GET"]}}],"collection":[{"href":"https:\/\/www.civmilano.com\/it\/wp-json\/wp\/v2\/pages"}],"about":[{"href":"https:\/\/www.civmilano.com\/it\/wp-json\/wp\/v2\/types\/page"}],"author":[{"embeddable":true,"href":"https:\/\/www.civmilano.com\/it\/wp-json\/wp\/v2\/users\/1"}],"replies":[{"embeddable":true,"href":"https:\/\/www.civmilano.com\/it\/wp-json\/wp\/v2\/comments?post=513"}],"version-history":[{"count":144,"href":"https:\/\/www.civmilano.com\/it\/wp-json\/wp\/v2\/pages\/513\/revisions"}],"predecessor-version":[{"id":3110,"href":"https:\/\/www.civmilano.com\/it\/wp-json\/wp\/v2\/pages\/513\/revisions\/3110"}],"wp:attachment":[{"href":"https:\/\/www.civmilano.com\/it\/wp-json\/wp\/v2\/media?parent=513"}],"curies":[{"name":"wp","href":"https:\/\/api.w.org\/{rel}","templated":true}]}}